{"id":3487,"date":"2016-07-21T16:24:26","date_gmt":"2016-07-21T15:24:26","guid":{"rendered":"https:\/\/startit.qodeinteractive.com\/?page_id=3487"},"modified":"2023-08-14T19:29:50","modified_gmt":"2023-08-14T19:29:50","slug":"tech-business","status":"publish","type":"page","link":"https:\/\/blocksolutions.se\/","title":{"rendered":"Hem"},"content":{"rendered":"<p>[vc_row][vc_column]<div id=\"qodef-particles\" class=\"fixed\" style=\"height: 633px;background-color: #191f35;\" data-particles-density=\"medium\" data-particles-color=\"#c1c1c1\" data-particles-opacity=\"1\" data-particles-size=\"3\" data-speed=\"3\" data-show-lines=\"yes\" data-line-length=\"100\" data-hover=\"yes\" data-click=\"yes\" ><div id=\"qodef-p-particles-container\"><\/div><div class=\"qodef-p-content\" data-width=\"100\" data-margin-top=\"18%\" data-margin-bottom=\"19%\">\n<div class=\"qodef-custom-font-holder\" style=\"font-family: Raleway;font-size: 70px;line-height: 86px;font-weight: 800;letter-spacing: 0px;text-transform: Uppercase;text-align: center;color: #ffffff\" data-font-size= 70 data-line-height= 86>\n\tBlock Solutions AB<\/div>[vc_empty_space height=&#8221;23px&#8221;]\n<div class=\"qodef-custom-font-holder\" style=\"font-family: Raleway;font-size: 30px;line-height: 29px;font-weight: 400;letter-spacing: 0px;color: #ffffff\" data-font-size= 30 data-line-height= 29>\n\tSolutions to optimize your business.<\/div>[vc_empty_space height=&#8221;35px&#8221;]<a href=\"http:\/\/blocksolutions.se\/?page_id=366\" target=\"_self\" style=\"font-size: 14px;margin: 5px 5px 10px 10px\" class=\"qodef-btn qodef-btn-large qodef-btn-solid\"  >\n        <span class=\"qodef-btn-text\">Om oss<\/span>\n    <span class=\"qodef-btn-text-icon\"><\/span>\n<\/a><a href=\"http:\/\/blocksolutions.se\/?page_id=598\" target=\"_blank\" style=\"color: #ffffff;font-size: 14px;margin: 5px 5px 10px 10px\" class=\"qodef-btn qodef-btn-large qodef-btn-default\"  >\n        <span class=\"qodef-btn-text\">Kontakta oss<\/span>\n    <span class=\"qodef-btn-text-icon\"><\/span>\n<\/a><\/div><\/div>[\/vc_column][\/vc_row][vc_row content_width=&#8221;grid&#8221; css=&#8221;.vc_custom_1469616180967{padding-top: 77px !important;}&#8221;][vc_column width=&#8221;1\/2&#8243; offset=&#8221;vc_col-lg-3 vc_col-md-6&#8243;]<div class=\"qodef-info-box qodef-with-border qodef-animate qodef-back-margin\">\n\n\t<div class=\"qodef-info-box-font-side qodef-dark\" >\n\t\t<div class=\"qodef-info-box-front-side-inner\">\n\t\t\t<div class=\"qodef-info-box-icon-holder\" style=\"padding-bottom: 9px\">\n\t\t\t\t\t\t\t\t\t\t\t\t\t\t\t\t<\/div>\n\t\t\t\t\t\t\t<div class=\"qodef-info-box-title\">\n\t\t\t\t\t<h6>Unika systeml\u00f6sningar<\/h6>\n\t\t\t\t<\/div>\n\t\t\t\t\t\t\t\t\t\t<div class=\"qodef-info-box-text\">\n\t\t\t\t\t<p>Vi \u00e4r ett f\u00f6retag som arbetar med att skapa unika systeml\u00f6sningar f\u00f6r f\u00f6retag fr\u00e5n grund. V\u00e5r ambition \u00e4r att tillsammans med kunden utveckla unik systeml\u00f6sning d\u00e4r kunden ska f\u00e5 en helhetsl\u00f6sning.<\/p>\n\t\t\t\t<\/div>\n\t\t\t\t\t<\/div>\n\t<\/div>\n\n\t\t\t<div class=\"qodef-info-box-back-side qodef-light\" >\n\t\t\t<div class=\"qodef-info-box-back-side-inner\">\n\t\t\t\t\t\t\t\t\t<div class=\"qodef-info-box-text\">\n\t\t\t\t\t\t<p>F\u00f6r mer information om unika systeml\u00f6sningar<\/p>\n\t\t\t\t\t<\/div>\n\t\t\t\t\t\t\t\t\t\t\t\t\t<div class=\"qodef-info-box-button\">\n\t\t\t\t\t\t<a href=\"http:\/\/blocksolutions.se\/?page_id=598\" target=\"_self\"  class=\"qodef-btn qodef-btn-medium qodef-btn-outline\"  >        <span class=\"qodef-btn-text\">Kontakta oss<\/span>    <span class=\"qodef-btn-text-icon\"><\/span><\/a>\t\t\t\t\t<\/div>\n\t\t\t\t\t\t\t<\/div>\n\t\t<\/div>\n\t\n<\/div>[vc_empty_space height=&#8221;77px&#8221;][\/vc_column][vc_column width=&#8221;1\/2&#8243; offset=&#8221;vc_col-lg-3 vc_col-md-6&#8243;]<div class=\"qodef-info-box qodef-with-border qodef-animate qodef-back-margin\">\n\n\t<div class=\"qodef-info-box-font-side qodef-dark\" >\n\t\t<div class=\"qodef-info-box-front-side-inner\">\n\t\t\t<div class=\"qodef-info-box-icon-holder\" style=\"padding-bottom: 9px\">\n\t\t\t\t\t\t\t\t\t\t\t\t\t\t\t\t<\/div>\n\t\t\t\t\t\t\t<div class=\"qodef-info-box-title\">\n\t\t\t\t\t<h6>Digitalisering och optimering av manuella processer<\/h6>\n\t\t\t\t<\/div>\n\t\t\t\t\t\t\t\t\t\t<div class=\"qodef-info-box-text\">\n\t\t\t\t\t<p>Vi hj\u00e4lper f\u00f6retag att \u00f6ka produktiviteten i den dagliga produktionen med digitalisering och optimering av f\u00f6retagets manuella processer.<\/p>\n\t\t\t\t<\/div>\n\t\t\t\t\t<\/div>\n\t<\/div>\n\n\t\t\t<div class=\"qodef-info-box-back-side qodef-light\" >\n\t\t\t<div class=\"qodef-info-box-back-side-inner\">\n\t\t\t\t\t\t\t\t\t<div class=\"qodef-info-box-text\">\n\t\t\t\t\t\t<p>F\u00f6r mer information om digitalisering och optimering av manuella processer<\/p>\n\t\t\t\t\t<\/div>\n\t\t\t\t\t\t\t\t\t\t\t\t\t<div class=\"qodef-info-box-button\">\n\t\t\t\t\t\t<a href=\"http:\/\/blocksolutions.se\/?page_id=598\" target=\"_self\"  class=\"qodef-btn qodef-btn-medium qodef-btn-outline\"  >        <span class=\"qodef-btn-text\">Kontakta oss<\/span>    <span class=\"qodef-btn-text-icon\"><\/span><\/a>\t\t\t\t\t<\/div>\n\t\t\t\t\t\t\t<\/div>\n\t\t<\/div>\n\t\n<\/div>[vc_empty_space height=&#8221;77px&#8221;][\/vc_column][vc_column width=&#8221;1\/2&#8243; offset=&#8221;vc_col-lg-3 vc_col-md-6&#8243;]<div class=\"qodef-info-box qodef-with-border qodef-animate qodef-back-margin\">\n\n\t<div class=\"qodef-info-box-font-side qodef-dark\" >\n\t\t<div class=\"qodef-info-box-front-side-inner\">\n\t\t\t<div class=\"qodef-info-box-icon-holder\" style=\"padding-bottom: 9px\">\n\t\t\t\t\t\t\t\t\t\t\t\t\t\t\t\t<\/div>\n\t\t\t\t\t\t\t<div class=\"qodef-info-box-title\">\n\t\t\t\t\t<h6>Aff\u00e4rsanalys<\/h6>\n\t\t\t\t<\/div>\n\t\t\t\t\t\t\t\t\t\t<div class=\"qodef-info-box-text\">\n\t\t\t\t\t<p>Vi hj\u00e4lper f\u00f6retag att ta fram aff\u00e4rsanalys p\u00e5 vilken typ av system som kan rekommenderas f\u00f6r deras hanteringsprocess. Samt eventuell rekommendation till processf\u00f6rb\u00e4ttring.<\/p>\n\t\t\t\t<\/div>\n\t\t\t\t\t<\/div>\n\t<\/div>\n\n\t\t\t<div class=\"qodef-info-box-back-side qodef-light\" >\n\t\t\t<div class=\"qodef-info-box-back-side-inner\">\n\t\t\t\t\t\t\t\t\t<div class=\"qodef-info-box-text\">\n\t\t\t\t\t\t<p>Digitalisering och optimering av aff\u00e4rsanalys<\/p>\n\t\t\t\t\t<\/div>\n\t\t\t\t\t\t\t\t\t\t\t\t\t<div class=\"qodef-info-box-button\">\n\t\t\t\t\t\t<a href=\"http:\/\/blocksolutions.se\/?page_id=598\" target=\"_self\"  class=\"qodef-btn qodef-btn-medium qodef-btn-outline\"  >        <span class=\"qodef-btn-text\">Kontakta oss<\/span>    <span class=\"qodef-btn-text-icon\"><\/span><\/a>\t\t\t\t\t<\/div>\n\t\t\t\t\t\t\t<\/div>\n\t\t<\/div>\n\t\n<\/div>[vc_empty_space height=&#8221;77px&#8221;][\/vc_column][vc_column width=&#8221;1\/2&#8243; offset=&#8221;vc_col-lg-3 vc_col-md-6&#8243;]<div class=\"qodef-info-box qodef-with-border qodef-animate qodef-back-margin\">\n\n\t<div class=\"qodef-info-box-font-side qodef-dark\" >\n\t\t<div class=\"qodef-info-box-front-side-inner\">\n\t\t\t<div class=\"qodef-info-box-icon-holder\" style=\"padding-bottom: 9px\">\n\t\t\t\t\t\t\t\t\t\t\t\t\t\t\t\t<\/div>\n\t\t\t\t\t\t\t<div class=\"qodef-info-box-title\">\n\t\t\t\t\t<h6>Start up?<\/h6>\n\t\t\t\t<\/div>\n\t\t\t\t\t\t\t\t\t\t<div class=\"qodef-info-box-text\">\n\t\t\t\t\t<p>\u00d6ka din chans att lyckas. Att ha r\u00e4tta processer och r\u00e4tt system fr\u00e5n start \u00e4r nyckeln till framg\u00e5ng.<\/p>\n\t\t\t\t<\/div>\n\t\t\t\t\t<\/div>\n\t<\/div>\n\n\t\t\t<div class=\"qodef-info-box-back-side qodef-light\" >\n\t\t\t<div class=\"qodef-info-box-back-side-inner\">\n\t\t\t\t\t\t\t\t\t<div class=\"qodef-info-box-text\">\n\t\t\t\t\t\t<p>F\u00f6r mer information om start up<\/p>\n\t\t\t\t\t<\/div>\n\t\t\t\t\t\t\t\t\t\t\t\t\t<div class=\"qodef-info-box-button\">\n\t\t\t\t\t\t<a href=\"http:\/\/blocksolutions.se\/?page_id=598\" target=\"_self\"  class=\"qodef-btn qodef-btn-medium qodef-btn-outline\"  >        <span class=\"qodef-btn-text\">Kontakta oss<\/span>    <span class=\"qodef-btn-text-icon\"><\/span><\/a>\t\t\t\t\t<\/div>\n\t\t\t\t\t\t\t<\/div>\n\t\t<\/div>\n\t\n<\/div>[vc_empty_space height=&#8221;77px&#8221;][\/vc_column][\/vc_row][vc_row content_width=&#8221;grid&#8221; css=&#8221;.vc_custom_1469176263584{background-color: #f6f6f6 !important;}&#8221;][vc_column offset=&#8221;vc_col-lg-5 vc_col-md-12&#8243;][vc_single_image image=&#8221;6088&#8243; img_size=&#8221;full&#8221; css_animation=&#8221;left-to-right&#8221;][\/vc_column][vc_column offset=&#8221;vc_col-lg-7 vc_col-md-12&#8243;]<div class=\"qodef-elements-holder qodef-responsive-mode-768\" ><div class=\"qodef-elements-holder-item qodef-vertical-alignment-middle qodef-horizontal-alignment-left\" >\n\t<div class=\"qodef-elements-holder-item-inner\">\n\t\t<div class=\"qodef-elements-holder-item-content qodef-elements-holder-custom-242122\" style=\"padding: 17% 0 0 0\">\n\t\t\t\t\t\t<style type=\"text\/css\" data-type=\"qodef-elements-custom-padding\">\n\t\t\t\t\t\t\t\t@media only screen and (min-width: 1280px) and (max-width: 1600px) {\n\t\t\t\t\t.qodef-elements-holder .qodef-elements-holder-item-content.qodef-elements-holder-custom-242122 {\n\t\t\t\t\t\tpadding:  !important;\n\t\t\t\t\t}\n\t\t\t\t}\n\t\t\t\t\t\t\t\t\t\t\t\t\t@media only screen and (min-width: 1024px) and (max-width: 1280px) {\n\t\t\t\t\t\t.qodef-elements-holder .qodef-elements-holder-item-content.qodef-elements-holder-custom-242122 {\n\t\t\t\t\t\t\tpadding: 20% 0 0 0 !important;\n\t\t\t\t\t\t}\n\t\t\t\t\t}\n\t\t\t\t\t\t\t\t\t\t\t\t@media only screen and (min-width: 768px) and (max-width: 1024px) {\n\t\t\t\t\t.qodef-elements-holder .qodef-elements-holder-item-content.qodef-elements-holder-custom-242122 {\n\t\t\t\t\t\tpadding: 7% 0 0 0 !important;\n\t\t\t\t\t}\n\t\t\t\t}\n\t\t\t\t\t\t\t\t\t\t\t\t@media only screen and (min-width: 600px) and (max-width: 768px) {\n\t\t\t\t\t.qodef-elements-holder .qodef-elements-holder-item-content.qodef-elements-holder-custom-242122 {\n\t\t\t\t\t\tpadding:  !important;\n\t\t\t\t\t}\n\t\t\t\t}\n\t\t\t\t\t\t\t\t\t\t\t\t@media only screen and (min-width: 480px) and (max-width: 600px) {\n\t\t\t\t\t.qodef-elements-holder .qodef-elements-holder-item-content.qodef-elements-holder-custom-242122 {\n\t\t\t\t\t\tpadding:  !important;\n\t\t\t\t\t}\n\t\t\t\t}\n\t\t\t\t\t\t\t\t\t\t\t\t@media only screen and (max-width: 480px) {\n\t\t\t\t\t.qodef-elements-holder .qodef-elements-holder-item-content.qodef-elements-holder-custom-242122 {\n\t\t\t\t\t\tpadding: 10% 0 0 0 !important;\n\t\t\t\t\t}\n\t\t\t\t}\n\t\t\t\t\t\t\t\t<\/style>\n\t\t\t\t\t\t[vc_column_text]<\/p>\n<h2>Vi svarar alltid inom 24-timmar!<\/h2>\n<p>[\/vc_column_text][vc_empty_space height=&#8221;20px&#8221;][vc_column_text]<\/p>\n<h4>Vi svarar alltid inom 24-timmar b\u00e5de vid nya uppdrag och f\u00f6r befintliga uppdrag 7 dagar i veckan.<\/h4>\n<p>[\/vc_column_text][vc_empty_space height=&#8221;30px&#8221;]<a href=\"#\" target=\"_self\"  class=\"qodef-btn qodef-btn-medium qodef-btn-outline qodef-btn-icon\"  >\n        <span class=\"qodef-btn-text\">Kontakta oss<\/span>\n    <span class=\"qodef-btn-text-icon\"><i class=\"qodef-icon-simple-line-icon icon-call-out \" ><\/i><\/span>\n<\/a>[vc_empty_space height=&#8221;42px&#8221;]\t\t<\/div>\n\t<\/div>\n<\/div><\/div>[\/vc_column][\/vc_row][vc_row content_width=&#8221;grid&#8221; css=&#8221;.vc_custom_1469719742753{padding-top: 105px !important;padding-bottom: 105px !important;}&#8221; el_class=&#8221;iwt-custom-fix&#8221;][vc_column offset=&#8221;vc_col-lg-6 vc_col-md-12&#8243;][vc_single_image image=&#8221;6037&#8243; img_size=&#8221;full&#8221; css_animation=&#8221;left-to-right&#8221;][\/vc_column][vc_column offset=&#8221;vc_col-lg-6 vc_col-md-12&#8243;][vc_empty_space height=&#8221;40px&#8221;]<div class=\"qodef-iwt clearfix qodef-iwt-icon-left qodef-iwt-icon-tiny\">\n    <div class=\"qodef-iwt-icon-holder\">\n                    \n    <span class=\"qodef-icon-shortcode normal\" style=\"margin: 0px 0px 65px 24px;width: 42px;height: 42px;line-height: 42px\" data-color=\"#c9c9c9\">\n        \n        <i class=\"qodef-icon-simple-line-icon icon-speedometer qodef-icon-element\" style=\"color: #c9c9c9;font-size:42px\" ><\/i>\n            <\/span>\n\n            <\/div>\n    <div class=\"qodef-iwt-content-holder\" >\n                    <div class=\"qodef-iwt-title-holder\">\n                <h5 >Jobba smartare<\/h5>\n            <\/div>\n                <div class=\"qodef-iwt-text-holder\">\n            <p >Arbeta med smartare l\u00f6sningar genererar oftast till h\u00f6gre vinst och h\u00f6gre medarbetarengagemang.<\/p>\n\n                    <\/div>\n    <\/div>\n<\/div>[vc_empty_space height=&#8221;20px&#8221;]<div class=\"qodef-iwt clearfix qodef-iwt-icon-left qodef-iwt-icon-tiny\">\n    <div class=\"qodef-iwt-icon-holder\">\n                    \n    <span class=\"qodef-icon-shortcode normal\" style=\"margin: 0px 0px 65px 24px;width: 42px;height: 42px;line-height: 42px\" data-color=\"#c9c9c9\">\n        \n        <i class=\"qodef-icon-simple-line-icon icon-settings qodef-icon-element\" style=\"color: #c9c9c9;font-size:42px\" ><\/i>\n            <\/span>\n\n            <\/div>\n    <div class=\"qodef-iwt-content-holder\" >\n                    <div class=\"qodef-iwt-title-holder\">\n                <h5 >Teknisk support<\/h5>\n            <\/div>\n                <div class=\"qodef-iwt-text-holder\">\n            <p >Vid teknisk support \u00e4r det alltid en erfaren person inom omr\u00e5det som svarar p\u00e5 era behov.<\/p>\n\n                    <\/div>\n    <\/div>\n<\/div>[vc_empty_space height=&#8221;20px&#8221;]<div class=\"qodef-iwt clearfix qodef-iwt-icon-left qodef-iwt-icon-tiny\">\n    <div class=\"qodef-iwt-icon-holder\">\n                    \n    <span class=\"qodef-icon-shortcode normal\" style=\"margin: 0px 0px 65px 24px;width: 42px;height: 42px;line-height: 42px\" data-color=\"#c9c9c9\">\n        \n        <i class=\"qodef-icon-simple-line-icon icon-cloud-upload qodef-icon-element\" style=\"color: #c9c9c9;font-size:42px\" ><\/i>\n            <\/span>\n\n            <\/div>\n    <div class=\"qodef-iwt-content-holder\" >\n                    <div class=\"qodef-iwt-title-holder\">\n                <h5 >Alltid tillg\u00e5ng till er information, vart \u00e4n du \u00e4r.<\/h5>\n            <\/div>\n                <div class=\"qodef-iwt-text-holder\">\n            <p >Med digitalisering av processer kommer man ha tillg\u00e5ng till information vart \u00e4n man \u00e4r.<\/p>\n\n                    <\/div>\n    <\/div>\n<\/div>[\/vc_column][\/vc_row][vc_row content_width=&#8221;grid&#8221; content_aligment=&#8221;center&#8221; css=&#8221;.vc_custom_1469626010018{padding-top: 120px !important;padding-bottom: 90px !important;background-color: #f9f9f9 !important;background-position: center !important;background-repeat: no-repeat !important;background-size: cover !important;}&#8221;][vc_column]<div  class=\"qodef-process-holder columns-4\"><div class=\"qodef-process-holder-inner\"><div class=\"qodef-process-item\">\n    <div class=\"qodef-process-item-icon-holder-wrapper\">\n        <div class=\"qodef-process-item-icon-holder\">\n            <span class=\"qodef-process-item-background-holder\">\n                \n    <span class=\"qodef-icon-shortcode circle \"  >\n        \n        <i class=\"qodef-icon-simple-line-icon icon-pencil qodef-icon-element\" style=\"\" ><\/i>\n            <\/span>\n\n            <\/span>\n        <\/div>\n    <\/div>\n    <div class=\"qodef-process-item-content-holder\">\n        <div class=\"qodef-process-item-title-holder\">\n            <h5>Aff\u00e4rsanalys<\/h5>\n        <\/div>\n        <div class=\"qodef-process-item-text-holder\">\n            <p>En analys av era processer f\u00f6r att ta fram det f\u00f6rslag av system som passar just er.<\/p>\n        <\/div>\n    <\/div>\n<\/div><div class=\"qodef-process-item\">\n    <div class=\"qodef-process-item-icon-holder-wrapper\">\n        <div class=\"qodef-process-item-icon-holder\">\n            <span class=\"qodef-process-item-background-holder\">\n                \n    <span class=\"qodef-icon-shortcode circle \"  >\n        \n        <i class=\"qodef-icon-simple-line-icon icon-screen-desktop qodef-icon-element\" style=\"\" ><\/i>\n            <\/span>\n\n            <\/span>\n        <\/div>\n    <\/div>\n    <div class=\"qodef-process-item-content-holder\">\n        <div class=\"qodef-process-item-title-holder\">\n            <h5>Arkitektur och design<\/h5>\n        <\/div>\n        <div class=\"qodef-process-item-text-holder\">\n            <p>Definierar en strukturerad l\u00f6sning som uppfyller alla tekniska och operativa krav.<\/p>\n        <\/div>\n    <\/div>\n<\/div><div class=\"qodef-process-item\">\n    <div class=\"qodef-process-item-icon-holder-wrapper\">\n        <div class=\"qodef-process-item-icon-holder\">\n            <span class=\"qodef-process-item-background-holder\">\n                \n    <span class=\"qodef-icon-shortcode circle \"  >\n        \n        <i class=\"qodef-icon-simple-line-icon icon-wrench qodef-icon-element\" style=\"\" ><\/i>\n            <\/span>\n\n            <\/span>\n        <\/div>\n    <\/div>\n    <div class=\"qodef-process-item-content-holder\">\n        <div class=\"qodef-process-item-title-holder\">\n            <h5>Utveckling och testning<\/h5>\n        <\/div>\n        <div class=\"qodef-process-item-text-holder\">\n            <p>Teamet som \u00e4r dedikerad f\u00f6r projektet p\u00e5b\u00f6rjar utveckla enligt design.<\/p>\n        <\/div>\n    <\/div>\n<\/div><div class=\"qodef-process-item\">\n    <div class=\"qodef-process-item-icon-holder-wrapper\">\n        <div class=\"qodef-process-item-icon-holder\">\n            <span class=\"qodef-process-item-background-holder\">\n                \n    <span class=\"qodef-icon-shortcode circle \"  >\n        \n        <i class=\"qodef-icon-simple-line-icon icon-settings qodef-icon-element\" style=\"\" ><\/i>\n            <\/span>\n\n            <\/span>\n        <\/div>\n    <\/div>\n    <div class=\"qodef-process-item-content-holder\">\n        <div class=\"qodef-process-item-title-holder\">\n            <h5>Underh\u00e5ll och support<\/h5>\n        <\/div>\n        <div class=\"qodef-process-item-text-holder\">\n            <p>Vi erbjuder l\u00e5ngsiktigt underh\u00e5ll och support dygnet runt.<\/p>\n        <\/div>\n    <\/div>\n<\/div><\/div><\/div>[\/vc_column][\/vc_row]<\/p>\n","protected":false},"excerpt":{"rendered":"<p>[vc_row][vc_column][\/vc_column][\/vc_row][vc_row content_width=&#8221;grid&#8221; css=&#8221;.vc_custom_1469616180967{padding-top: 77px !important;}&#8221;][vc_column width=&#8221;1\/2&#8243; offset=&#8221;vc_col-lg-3 vc_col-md-6&#8243;][vc_empty_space height=&#8221;77px&#8221;][\/vc_column][vc_column width=&#8221;1\/2&#8243; offset=&#8221;vc_col-lg-3 vc_col-md-6&#8243;][vc_empty_space height=&#8221;77px&#8221;][\/vc_column][vc_column width=&#8221;1\/2&#8243; offset=&#8221;vc_col-lg-3 vc_col-md-6&#8243;][vc_empty_space height=&#8221;77px&#8221;][\/vc_column][vc_column width=&#8221;1\/2&#8243; offset=&#8221;vc_col-lg-3 vc_col-md-6&#8243;][vc_empty_space height=&#8221;77px&#8221;][\/vc_column][\/vc_row][vc_row&#8230;<\/p>\n","protected":false},"author":1,"featured_media":0,"parent":0,"menu_order":0,"comment_status":"closed","ping_status":"closed","template":"full-width.php","meta":[],"aioseo_notices":[],"_links":{"self":[{"href":"https:\/\/blocksolutions.se\/index.php?rest_route=\/wp\/v2\/pages\/3487"}],"collection":[{"href":"https:\/\/blocksolutions.se\/index.php?rest_route=\/wp\/v2\/pages"}],"about":[{"href":"https:\/\/blocksolutions.se\/index.php?rest_route=\/wp\/v2\/types\/page"}],"author":[{"embeddable":true,"href":"https:\/\/blocksolutions.se\/index.php?rest_route=\/wp\/v2\/users\/1"}],"replies":[{"embeddable":true,"href":"https:\/\/blocksolutions.se\/index.php?rest_route=%2Fwp%2Fv2%2Fcomments&post=3487"}],"version-history":[{"count":47,"href":"https:\/\/blocksolutions.se\/index.php?rest_route=\/wp\/v2\/pages\/3487\/revisions"}],"predecessor-version":[{"id":6089,"href":"https:\/\/blocksolutions.se\/index.php?rest_route=\/wp\/v2\/pages\/3487\/revisions\/6089"}],"wp:attachment":[{"href":"https:\/\/blocksolutions.se\/index.php?rest_route=%2Fwp%2Fv2%2Fmedia&parent=3487"}],"curies":[{"name":"wp","href":"https:\/\/api.w.org\/{rel}","templated":true}]}}