{"id":366,"date":"2015-10-21T12:44:44","date_gmt":"2015-10-21T11:44:44","guid":{"rendered":"https:\/\/startit.qodeinteractive.com\/?page_id=366"},"modified":"2023-08-14T19:43:42","modified_gmt":"2023-08-14T19:43:42","slug":"about-us","status":"publish","type":"page","link":"https:\/\/blocksolutions.se\/?page_id=366","title":{"rendered":"Om oss"},"content":{"rendered":"<p>[vc_row content_width=&#8221;grid&#8221; content_aligment=&#8221;center&#8221; css=&#8221;.vc_custom_1445428533264{padding-top: 52px !important;padding-bottom: 40px !important;}&#8221;][vc_column][vc_column_text]<\/p>\n<h2>Smarta l\u00f6sningar f\u00f6r att optimera er verksamhet<\/h2>\n<p>[\/vc_column_text][vc_empty_space height=&#8221;15px&#8221;][vc_column_text]<\/p>\n<h4>Vi hj\u00e4lper till att f\u00e5 maximalt v\u00e4rde f\u00f6r v\u00e5ra kunder och ge maximal avkastning p\u00e5 sina investeringar.<\/h4>\n<p>[\/vc_column_text][\/vc_column][\/vc_row][vc_row content_width=&#8221;grid&#8221; css=&#8221;.vc_custom_1446801558556{padding-top: 63px !important;padding-bottom: 34px !important;background-image: url(https:\/\/startit.qodeinteractive.com\/wp-content\/uploads\/2015\/10\/About-us-Background.jpg?id=2582) !important;background-position: center !important;background-repeat: no-repeat !important;background-size: cover !important;}&#8221;][vc_column offset=&#8221;vc_col-md-6&#8243;][vc_column_text]<\/p>\n<h2>Om oss<\/h2>\n<p>[\/vc_column_text][vc_empty_space height=&#8221;29px&#8221;][vc_column_text]Vi \u00e4r ett f\u00f6retag som arbetar med att skapa unika systeml\u00f6sningar f\u00f6r f\u00f6retag fr\u00e5n grund. V\u00e5r ambition \u00e4r att tillsammans med kunden utveckla unik systeml\u00f6sning d\u00e4r kunden ska f\u00e5 en helhetsl\u00f6sning, digitalisering av manuella processer, funktioner f\u00f6r daglig verksamhet och \u00f6ka produktiviteten i den dagliga produktionen.<\/p>\n<p>Vi \u00e4r experter p\u00e5 att utveckla och implementera applikationer f\u00f6r sm\u00e5 och stora projekt. V\u00e5rt dedikerade team angriper strategiskt kundens utmaningar f\u00f6r att utveckla l\u00f6sningar som uppfyller kundens m\u00e5l, b\u00e5de p\u00e5 kort och l\u00e5ng sikt.<\/p>\n<p>V\u00e5ra programmerare har mer \u00e4n 10 \u00e5rs erfarenhet av programmering, b\u00e5de stora och sm\u00e5 projekt. Vi har \u00e4ven personal som har mer \u00e4n 15 \u00e5rs erfarenhet med optimering av processer inom terminal, lager och logistik. Vilket g\u00f6r att vi har resurser och erfarenhet f\u00f6r att ta fram den b\u00e4sta l\u00f6sningen f\u00f6r kunden.<\/p>\n<p>Block Solutions Ab hj\u00e4lper till att f\u00e5 maximalt v\u00e4rde f\u00f6r v\u00e5ra kunder och ge maximal avkastning p\u00e5 sina investeringar.<\/p>\n<p>Vi erbjuder \u00e4ven konsulttj\u00e4nster, tveka inte att kontakta oss.[\/vc_column_text][vc_empty_space height=&#8221;40px&#8221;][\/vc_column][vc_column offset=&#8221;vc_col-md-6&#8243;][vc_empty_space height=&#8221;100px&#8221;]<div class=\"qodef-progress-bar\">\n\t<h6 class=\"qodef-progress-title-holder clearfix\">\n\t\t<span class=\"qodef-progress-title\">Konsulttj\u00e4nster<\/span>\n\t\t<span class=\"qodef-progress-number-wrapper qodef-floating qodef-floating-outside \" >\n\t\t\t<span class=\"qodef-progress-number\">\n\t\t\t\t<span class=\"qodef-percent\">0<\/span>\t\n\t\t\t\t\t\t\t\t\t<span class=\"qodef-down-arrow\"><\/span>\n\t\t\t\t\t\t\t<\/span>\n\t\t<\/span>\n\t<\/h6>\n\t<div class=\"qodef-progress-content-outer \" style=\"background-color:#ffffff\">\n\t\t<div data-percentage=80 class=\"qodef-progress-content\"  ><\/div>\n\t<\/div>\n<\/div>\t<div class=\"qodef-progress-bar\">\n\t<h6 class=\"qodef-progress-title-holder clearfix\">\n\t\t<span class=\"qodef-progress-title\">Unika systeml\u00f6sningar<\/span>\n\t\t<span class=\"qodef-progress-number-wrapper qodef-floating qodef-floating-outside \" >\n\t\t\t<span class=\"qodef-progress-number\">\n\t\t\t\t<span class=\"qodef-percent\">0<\/span>\t\n\t\t\t\t\t\t\t\t\t<span class=\"qodef-down-arrow\"><\/span>\n\t\t\t\t\t\t\t<\/span>\n\t\t<\/span>\n\t<\/h6>\n\t<div class=\"qodef-progress-content-outer \" style=\"background-color:#ffffff\">\n\t\t<div data-percentage=85 class=\"qodef-progress-content\"  ><\/div>\n\t<\/div>\n<\/div>\t<div class=\"qodef-progress-bar\">\n\t<h6 class=\"qodef-progress-title-holder clearfix\">\n\t\t<span class=\"qodef-progress-title\">Digitalisering och optimering<\/span>\n\t\t<span class=\"qodef-progress-number-wrapper qodef-floating qodef-floating-outside \" >\n\t\t\t<span class=\"qodef-progress-number\">\n\t\t\t\t<span class=\"qodef-percent\">0<\/span>\t\n\t\t\t\t\t\t\t\t\t<span class=\"qodef-down-arrow\"><\/span>\n\t\t\t\t\t\t\t<\/span>\n\t\t<\/span>\n\t<\/h6>\n\t<div class=\"qodef-progress-content-outer \" style=\"background-color:#ffffff\">\n\t\t<div data-percentage=90 class=\"qodef-progress-content\"  ><\/div>\n\t<\/div>\n<\/div>\t[vc_empty_space height=&#8221;40px&#8221;][\/vc_column][\/vc_row][vc_row][vc_column][vc_empty_space][\/vc_column][\/vc_row][vc_row][vc_column][vc_video link=&#8221;https:\/\/www.youtube.com\/watch?v=YOoyurc6bzc&#8221; el_width=&#8221;50&#8243; align=&#8221;center&#8221; title=&#8221;Digitalisera era processer&#8221;][\/vc_column][\/vc_row][vc_row][vc_column][vc_empty_space][\/vc_column][\/vc_row]<\/p>\n","protected":false},"excerpt":{"rendered":"<p>[vc_row content_width=&#8221;grid&#8221; content_aligment=&#8221;center&#8221; css=&#8221;.vc_custom_1445428533264{padding-top: 52px !important;padding-bottom: 40px !important;}&#8221;][vc_column][vc_column_text] Smarta l\u00f6sningar f\u00f6r att optimera er verksamhet [\/vc_column_text][vc_empty_space height=&#8221;15px&#8221;][vc_column_text] Vi hj\u00e4lper till att&#8230;<\/p>\n","protected":false},"author":1,"featured_media":0,"parent":0,"menu_order":0,"comment_status":"closed","ping_status":"closed","template":"full-width.php","meta":[],"aioseo_notices":[],"_links":{"self":[{"href":"https:\/\/blocksolutions.se\/index.php?rest_route=\/wp\/v2\/pages\/366"}],"collection":[{"href":"https:\/\/blocksolutions.se\/index.php?rest_route=\/wp\/v2\/pages"}],"about":[{"href":"https:\/\/blocksolutions.se\/index.php?rest_route=\/wp\/v2\/types\/page"}],"author":[{"embeddable":true,"href":"https:\/\/blocksolutions.se\/index.php?rest_route=\/wp\/v2\/users\/1"}],"replies":[{"embeddable":true,"href":"https:\/\/blocksolutions.se\/index.php?rest_route=%2Fwp%2Fv2%2Fcomments&post=366"}],"version-history":[{"count":11,"href":"https:\/\/blocksolutions.se\/index.php?rest_route=\/wp\/v2\/pages\/366\/revisions"}],"predecessor-version":[{"id":6091,"href":"https:\/\/blocksolutions.se\/index.php?rest_route=\/wp\/v2\/pages\/366\/revisions\/6091"}],"wp:attachment":[{"href":"https:\/\/blocksolutions.se\/index.php?rest_route=%2Fwp%2Fv2%2Fmedia&parent=366"}],"curies":[{"name":"wp","href":"https:\/\/api.w.org\/{rel}","templated":true}]}}